{"id":44,"date":"2011-01-11T15:56:17","date_gmt":"2011-01-11T14:56:17","guid":{"rendered":"http:\/\/www.rodaci-horazdovice.cz\/?page_id=44"},"modified":"2013-01-17T15:30:39","modified_gmt":"2013-01-17T14:30:39","slug":"z-cinnosti-spolku","status":"publish","type":"page","link":"https:\/\/www.rodaci-horazdovice.cz\/?page_id=44","title":{"rendered":"Z \u010dinnosti spolku"},"content":{"rendered":"<p>Spolek rod\u00e1k\u016f a p\u0159\u00edznivc\u016f Hora\u017e\u010fovic byl zalo\u017een p\u0159i p\u0159\u00edle\u017eitosti 700. v\u00fdro\u010d\u00ed pov\u00fd\u0161en\u00ed Hora\u017e\u010fovic na m\u011bsto. Jeho c\u00edlem je zejm\u00e9na udr\u017eovat a posilovat vztah rod\u00e1k\u016f k m\u011bstu a m\u011bstu d\u00e1le prosp\u00edvat. V\u00fdznamn\u00fdm \u00fasp\u011bchem bylo znovuvzk\u0159\u00ed\u0161en\u00ed kosteln\u00edch zvon\u016f v kostele sv. Petra a Pavla. O \u010dinnosti spolku informuj\u00ed dal\u0161\u00ed str\u00e1nky na tomto webu.<\/p>\n","protected":false},"excerpt":{"rendered":"<p>Spolek rod\u00e1k\u016f a p\u0159\u00edznivc\u016f Hora\u017e\u010fovic byl zalo\u017een p\u0159i p\u0159\u00edle\u017eitosti 700. v\u00fdro\u010d\u00ed pov\u00fd\u0161en\u00ed Hora\u017e\u010fovic na m\u011bsto. Jeho c\u00edlem je zejm\u00e9na udr\u017eovat a posilovat vztah rod\u00e1k\u016f k m\u011bstu a m\u011bstu d\u00e1le prosp\u00edvat. V\u00fdznamn\u00fdm \u00fasp\u011bchem bylo znovuvzk\u0159\u00ed\u0161en\u00ed kosteln\u00edch zvon\u016f v kostele sv. Petra a Pavla. O \u010dinnosti spolku informuj\u00ed dal\u0161\u00ed str\u00e1nky na tomto webu.<\/p>\n","protected":false},"author":1,"featured_media":0,"parent":0,"menu_order":0,"comment_status":"closed","ping_status":"open","template":"","meta":{"footnotes":""},"class_list":["post-44","page","type-page","status-publish","hentry"],"_links":{"self":[{"href":"https:\/\/www.rodaci-horazdovice.cz\/index.php?rest_route=\/wp\/v2\/pages\/44","targetHints":{"allow":["GET"]}}],"collection":[{"href":"https:\/\/www.rodaci-horazdovice.cz\/index.php?rest_route=\/wp\/v2\/pages"}],"about":[{"href":"https:\/\/www.rodaci-horazdovice.cz\/index.php?rest_route=\/wp\/v2\/types\/page"}],"author":[{"embeddable":true,"href":"https:\/\/www.rodaci-horazdovice.cz\/index.php?rest_route=\/wp\/v2\/users\/1"}],"replies":[{"embeddable":true,"href":"https:\/\/www.rodaci-horazdovice.cz\/index.php?rest_route=%2Fwp%2Fv2%2Fcomments&post=44"}],"version-history":[{"count":2,"href":"https:\/\/www.rodaci-horazdovice.cz\/index.php?rest_route=\/wp\/v2\/pages\/44\/revisions"}],"predecessor-version":[{"id":318,"href":"https:\/\/www.rodaci-horazdovice.cz\/index.php?rest_route=\/wp\/v2\/pages\/44\/revisions\/318"}],"wp:attachment":[{"href":"https:\/\/www.rodaci-horazdovice.cz\/index.php?rest_route=%2Fwp%2Fv2%2Fmedia&parent=44"}],"curies":[{"name":"wp","href":"https:\/\/api.w.org\/{rel}","templated":true}]}}